{"id":7,"date":"2023-10-20T04:52:29","date_gmt":"2023-10-20T02:52:29","guid":{"rendered":"https:\/\/zoneplay.com.co\/afiliado\/?page_id=3"},"modified":"2026-03-04T07:26:21","modified_gmt":"2026-03-04T12:26:21","slug":"politica-privacidad-2","status":"publish","type":"page","link":"https:\/\/zoneplay.somosmyd.com\/index.php\/politica-privacidad-2\/","title":{"rendered":"Pol\u00edtica de privacidad"},"content":{"rendered":"<div class=\"brz-root__container brz-reset-all brz\">\n<section id=\"jauhjalplhfjfqhjfqwspbinqqebxvbeahyw\" class=\"brz-section brz-css-zNInD\">\n<div class=\"brz-section__content brz-section--boxed brz-css-wQdpR\" data-brz-custom-id=\"ackhnxiozooidihvlvnojqccjzvbibftytly\">\n<div class=\"brz-container brz-css-ofDxy\">\n<div id=\"\" class=\"brz-css-gLGKN brz-wrapper\">\n<div class=\"brz-rich-text brz-rich-text__custom brz-css-iNdQk\" data-brz-custom-id=\"whfxktxtsymoxppstjvhqrtewdfwgbairwvl\">\n<div data-brz-translate-text=\"1\">\n<h1 data-uniq-id=\"mckeg\" data-generated-css=\"brz-css-pqfnl\" class=\"brz-tp-lg-heading1 brz-css-kCc1W\"><span class=\"brz-cp-color7\">Politicas de Privacidad<\/span><\/h1>\n<\/div>\n<\/div>\n<\/div>\n<div id=\"\" class=\"brz-css-gLGKN brz-wrapper\">\n<div class=\"brz-rich-text brz-rich-text__custom brz-css-iNdQk\" data-brz-custom-id=\"gbhlexjdzhcfktwxougsgsgbqgfgpumesciv\">\n<div data-brz-translate-text=\"1\">\n<h1 class=\"brz-text-lg-justify brz-tp-lg-empty brz-ff-lato brz-ft-google brz-fs-lg-22 brz-fss-lg-px brz-fw-lg-400 brz-ls-lg-0 brz-lh-lg-1_3 brz-css-sSba7\" data-uniq-id=\"psgtp\" data-generated-css=\"brz-css-gpbvp\"><span class=\"brz-cp-color7\">Esta Pol\u00edtica de Privacidad describe c\u00f3mo ZonePlay recopila, utiliza y comparte informaci\u00f3n cuando utilizas nuestra aplicaci\u00f3n y los servicios asociados. Al utilizar la aplicaci\u00f3n, aceptas el procesamiento de tu informaci\u00f3n seg\u00fan lo descrito en esta pol\u00edtica. Si no est\u00e1s de acuerdo con alguna parte de esta Pol\u00edtica de Privacidad, por favor, no utilices la aplicaci\u00f3n.<\/span><\/h1>\n<h1 class=\"brz-text-lg-justify brz-tp-lg-empty brz-ff-lato brz-ft-google brz-fs-lg-22 brz-fss-lg-px brz-fw-lg-400 brz-ls-lg-0 brz-lh-lg-1_3 brz-css-sscON\" data-uniq-id=\"htncp\" data-generated-css=\"brz-css-umfpu\"><strong class=\"brz-cp-color7\">Recopilaci\u00f3n de Informaci\u00f3n:<\/strong><span class=\"brz-cp-color7\">&nbsp;Recopilamos informaci\u00f3n que proporcionas directamente al registrarte en la aplicaci\u00f3n, as\u00ed como informaci\u00f3n generada autom\u00e1ticamente durante el uso de la aplicaci\u00f3n. Esto puede incluir informaci\u00f3n de perfil, datos de transacciones, datos de ubicaci\u00f3n y otra informaci\u00f3n proporcionada durante el uso de la aplicaci\u00f3n.<\/span><\/h1>\n<h1 class=\"brz-text-lg-justify brz-tp-lg-empty brz-ff-lato brz-ft-google brz-fs-lg-22 brz-fss-lg-px brz-fw-lg-400 brz-ls-lg-0 brz-lh-lg-1_3 brz-css-dznfy\" data-uniq-id=\"pisqe\" data-generated-css=\"brz-css-exkmq\"><strong class=\"brz-cp-color7\">Uso de la Informaci\u00f3n:<\/strong><span class=\"brz-cp-color7\">&nbsp;Utilizamos la informaci\u00f3n recopilada para proporcionar y mantener la aplicaci\u00f3n, mejorar y personalizar tu experiencia, responder a tus solicitudes y proporcionar soporte, as\u00ed como para investigar y prevenir actividades fraudulentas y abusos.<\/span><\/h1>\n<h1 class=\"brz-text-lg-justify brz-tp-lg-empty brz-ff-lato brz-ft-google brz-fs-lg-22 brz-fss-lg-px brz-fw-lg-400 brz-ls-lg-0 brz-lh-lg-1_3 brz-css-kTwDU\" data-uniq-id=\"kflay\" data-generated-css=\"brz-css-jxzct\"><strong class=\"brz-cp-color7\">Compartir de la Informaci\u00f3n:<\/strong><span class=\"brz-cp-color7\">&nbsp;Podemos compartir informaci\u00f3n con terceros para facilitar el funcionamiento de la aplicaci\u00f3n y para los prop\u00f3sitos descritos en esta Pol\u00edtica de Privacidad. Esto puede incluir proveedores de servicios, afiliados y socios comerciales. No compartiremos tu informaci\u00f3n personal con terceros para sus prop\u00f3sitos de marketing directo sin tu consentimiento expl\u00edcito.<\/span><\/h1>\n<h1 class=\"brz-text-lg-justify brz-tp-lg-empty brz-ff-lato brz-ft-google brz-fs-lg-22 brz-fss-lg-px brz-fw-lg-400 brz-ls-lg-0 brz-lh-lg-1_3 brz-css-wvke1\" data-uniq-id=\"iijuz\" data-generated-css=\"brz-css-iawsi\"><strong class=\"brz-cp-color7\">Seguridad de la Informaci\u00f3n:<\/strong><span class=\"brz-cp-color7\">&nbsp;Implementamos medidas de seguridad razonables para proteger la informaci\u00f3n contra la p\u00e9rdida, el uso indebido y el acceso no autorizado. Sin embargo, no podemos garantizar la seguridad absoluta de la informaci\u00f3n.<\/span><\/h1>\n<h1 class=\"brz-text-lg-justify brz-tp-lg-empty brz-ff-lato brz-ft-google brz-fs-lg-22 brz-fss-lg-px brz-fw-lg-400 brz-ls-lg-0 brz-lh-lg-1_3 brz-css-jKJEw\" data-uniq-id=\"nxfbs\" data-generated-css=\"brz-css-oucaj\"><strong class=\"brz-cp-color7\">Enlaces a Otros Sitios:<\/strong><span class=\"brz-cp-color7\">&nbsp;Nuestra aplicaci\u00f3n puede contener enlaces a otros sitios que no son operados por nosotros. No nos hacemos responsables de las pr\u00e1cticas de privacidad de dichos sitios y te recomendamos leer las pol\u00edticas de privacidad de cada sitio que visites.<\/span><\/h1>\n<h1 class=\"brz-text-lg-justify brz-tp-lg-empty brz-ff-lato brz-ft-google brz-fs-lg-22 brz-fss-lg-px brz-fw-lg-400 brz-ls-lg-0 brz-lh-lg-1_3 brz-css-j2JZn\" data-uniq-id=\"bfuyf\" data-generated-css=\"brz-css-msgco\"><strong class=\"brz-cp-color7\">Cambios a la Pol\u00edtica de Privacidad:<\/strong><span class=\"brz-cp-color7\">&nbsp;Nos reservamos el derecho de actualizar o cambiar nuestra Pol\u00edtica de Privacidad en cualquier momento. Te notificaremos sobre cualquier cambio mediante la publicaci\u00f3n de la nueva Pol\u00edtica de Privacidad en esta p\u00e1gina.<\/span><\/h1>\n<h1 class=\"brz-text-lg-justify brz-tp-lg-empty brz-ff-lato brz-ft-google brz-fs-lg-22 brz-fss-lg-px brz-fw-lg-400 brz-ls-lg-0 brz-lh-lg-1_3 brz-css-wjLwS\" data-uniq-id=\"oijdo\" data-generated-css=\"brz-css-rexno\"><span class=\"brz-cp-color7\">Al utilizar ZonePlay, aceptas el procesamiento de tu informaci\u00f3n como se describe en esta Pol\u00edtica de Privacidad. Si tienes alguna pregunta sobre esta Pol\u00edtica de Privacidad, por favor cont\u00e1ctanos.<\/span><\/h1>\n<\/div>\n<\/div>\n<\/div>\n<\/div>\n<\/div>\n<\/section>\n<\/div>\n<p>    <!-- version:1722069076 --><\/p>\n","protected":false},"excerpt":{"rendered":"<p>Politicas de Privacidad Esta Pol\u00edtica de Privacidad describe c\u00f3mo ZonePlay recopila, utiliza y comparte informaci\u00f3n cuando utilizas nuestra aplicaci\u00f3n y los servicios asociados. Al utilizar la aplicaci\u00f3n, aceptas el procesamiento de tu informaci\u00f3n seg\u00fan lo descrito en esta pol\u00edtica. Si no est\u00e1s de acuerdo con alguna parte de esta Pol\u00edtica de Privacidad, por favor, no [&hellip;]<\/p>\n","protected":false},"author":1,"featured_media":0,"parent":0,"menu_order":0,"comment_status":"closed","ping_status":"open","template":"","meta":{"footnotes":""},"class_list":["post-7","page","type-page","status-publish","hentry"],"brizy_media":[],"_links":{"self":[{"href":"https:\/\/zoneplay.somosmyd.com\/index.php\/wp-json\/wp\/v2\/pages\/7","targetHints":{"allow":["GET"]}}],"collection":[{"href":"https:\/\/zoneplay.somosmyd.com\/index.php\/wp-json\/wp\/v2\/pages"}],"about":[{"href":"https:\/\/zoneplay.somosmyd.com\/index.php\/wp-json\/wp\/v2\/types\/page"}],"author":[{"embeddable":true,"href":"https:\/\/zoneplay.somosmyd.com\/index.php\/wp-json\/wp\/v2\/users\/1"}],"replies":[{"embeddable":true,"href":"https:\/\/zoneplay.somosmyd.com\/index.php\/wp-json\/wp\/v2\/comments?post=7"}],"version-history":[{"count":5,"href":"https:\/\/zoneplay.somosmyd.com\/index.php\/wp-json\/wp\/v2\/pages\/7\/revisions"}],"predecessor-version":[{"id":307,"href":"https:\/\/zoneplay.somosmyd.com\/index.php\/wp-json\/wp\/v2\/pages\/7\/revisions\/307"}],"wp:attachment":[{"href":"https:\/\/zoneplay.somosmyd.com\/index.php\/wp-json\/wp\/v2\/media?parent=7"}],"curies":[{"name":"wp","href":"https:\/\/api.w.org\/{rel}","templated":true}]}}